{"id":865,"date":"2025-10-16T16:09:30","date_gmt":"2025-10-16T20:09:30","guid":{"rendered":"http:\/\/fabhomerentals.com\/cancellation-policy\/"},"modified":"2025-11-13T12:45:25","modified_gmt":"2025-11-13T17:45:25","slug":"politique-annulation","status":"publish","type":"page","link":"https:\/\/fabhomerentals.com\/fr\/politique-annulation\/","title":{"rendered":"Politique d&rsquo;annulation"},"content":{"rendered":"<p>Les r\u00e9servations peuvent \u00eatre annul\u00e9es ou modifi\u00e9es selon les conditions suivantes\u00a0:<\/p>\n<ul>\n<li><strong>Remboursement complet\u00a0:<\/strong> Annulations effectu\u00e9es au moins <strong>61 jours avant l\u2019arriv\u00e9e*<\/strong>.<\/li>\n<li><strong>Remboursement de 50 %\u00a0: <\/strong>Annulations effectu\u00e9es<strong> 31 jours avant l\u2019arriv\u00e9e*.<\/strong><\/li>\n<li><strong>Aucun remboursement\u00a0:<\/strong> Annulations effectu\u00e9es \u00e0 <strong>moins de 31 jours avant l\u2019arriv\u00e9e<\/strong>.<\/li>\n<\/ul>\n<p><strong>*Exceptions pour 2026 : fin de semaine du 23 mai, fin de semaine du 3 ao\u00fbt et fin de semaine du 7 septembre<br \/>\n<\/strong><strong>Remboursement complet\u00a0: <\/strong>Annulations effectu\u00e9es au moins<strong> 61 jours avant l\u2019arriv\u00e9e. Aucun remboursement au-del\u00e0 de ce d\u00e9lai.<\/strong><\/p>\n<p>Aucun remboursement ne sera accord\u00e9 en cas de non-pr\u00e9sentation, d\u2019arriv\u00e9e tardive ou de d\u00e9part anticip\u00e9. En cas de force majeure (catastrophes naturelles, restrictions gouvernementales ou autres circonstances impr\u00e9visibles), la direction se r\u00e9serve le droit d\u2019examiner des exceptions \u00e0 sa discr\u00e9tion.<\/p>\n<p><strong>Nous recommandons fortement de souscrire une assurance voyage couvrant les circonstances impr\u00e9vues et les dommages.<\/strong><\/p>\n","protected":false},"excerpt":{"rendered":"<p>Les r\u00e9servations peuvent \u00eatre annul\u00e9es ou modifi\u00e9es selon les conditions suivantes\u00a0: Remboursement complet\u00a0: Annulations effectu\u00e9es au moins 61 jours avant l\u2019arriv\u00e9e*. Remboursement de 50 %\u00a0: Annulations effectu\u00e9es 31 jours avant l\u2019arriv\u00e9e*. Aucun remboursement\u00a0: Annulations effectu\u00e9es \u00e0 moins de 31 jours avant l\u2019arriv\u00e9e. *Exceptions pour 2026 : fin de semaine du 23 mai, fin de semaine <a href=\"https:\/\/fabhomerentals.com\/fr\/politique-annulation\/\" class=\"more-link\">&#8230;<span class=\"screen-reader-text\">  Politique d&rsquo;annulation<\/span><\/a><\/p>\n","protected":false},"author":1,"featured_media":0,"parent":0,"menu_order":0,"comment_status":"closed","ping_status":"closed","template":"","meta":{"_acf_changed":false,"footnotes":""},"class_list":["post-865","page","type-page","status-publish","hentry"],"acf":[],"_links":{"self":[{"href":"https:\/\/fabhomerentals.com\/fr\/wp-json\/wp\/v2\/pages\/865","targetHints":{"allow":["GET"]}}],"collection":[{"href":"https:\/\/fabhomerentals.com\/fr\/wp-json\/wp\/v2\/pages"}],"about":[{"href":"https:\/\/fabhomerentals.com\/fr\/wp-json\/wp\/v2\/types\/page"}],"author":[{"embeddable":true,"href":"https:\/\/fabhomerentals.com\/fr\/wp-json\/wp\/v2\/users\/1"}],"replies":[{"embeddable":true,"href":"https:\/\/fabhomerentals.com\/fr\/wp-json\/wp\/v2\/comments?post=865"}],"version-history":[{"count":4,"href":"https:\/\/fabhomerentals.com\/fr\/wp-json\/wp\/v2\/pages\/865\/revisions"}],"predecessor-version":[{"id":895,"href":"https:\/\/fabhomerentals.com\/fr\/wp-json\/wp\/v2\/pages\/865\/revisions\/895"}],"wp:attachment":[{"href":"https:\/\/fabhomerentals.com\/fr\/wp-json\/wp\/v2\/media?parent=865"}],"curies":[{"name":"wp","href":"https:\/\/api.w.org\/{rel}","templated":true}]}}