{"id":843,"date":"2025-08-08T13:10:58","date_gmt":"2025-08-08T17:10:58","guid":{"rendered":"http:\/\/fabhomerentals.com\/house-rules\/"},"modified":"2025-10-16T10:37:52","modified_gmt":"2025-10-16T14:37:52","slug":"regles-de-la-maison","status":"publish","type":"page","link":"https:\/\/fabhomerentals.com\/fr\/regles-de-la-maison\/","title":{"rendered":"R\u00e8gles de la maison"},"content":{"rendered":"<p>Bienvenue! Afin d\u2019assurer un s\u00e9jour s\u00e9curitaire, confortable et agr\u00e9able pour tous, veuillez lire et respecter les r\u00e8gles de la maison suivantes\u00a0:<\/p>\n<p><strong>\ud83d\udead Fumer et substances<\/strong><\/p>\n<ul>\n<li><strong>Interdit de fumer, vapoter ou utiliser cigarettes \u00e9lectroniques \u00e0 l&rsquo;int\u00e9rieur.<\/strong><\/li>\n<li>Les cigarettes et cigares peuvent \u00eatre utilis\u00e9s uniquement \u00e0 l\u2019ext\u00e9rieur. Veuillez jeter vos m\u00e9gots correctement pour \u00e9viter des p\u00e9nalit\u00e9s.<\/li>\n<li><strong>L\u2019usage de marijuana est strictement interdit<\/strong> partout sur la propri\u00e9t\u00e9, y compris sur les patios et balcons.<\/li>\n<\/ul>\n<p><strong>\ud83d\udc3e Animaux<\/strong><\/p>\n<ul>\n<li><strong>Aucun animal n\u2019est autoris\u00e9.<\/strong> Il s\u2019agit d\u2019une exigence li\u00e9e au permis de la ville \u2014 aucune exception.<\/li>\n<\/ul>\n<p><strong>\ud83c\udf89 \u00c9v\u00e9nements et visiteurs<\/strong><\/p>\n<ul>\n<li><strong>Aucune f\u00eate ni aucun \u00e9v\u00e9nement<\/strong> susceptibles de d\u00e9ranger les voisins.<\/li>\n<li><strong>Seuls les invit\u00e9s enregistr\u00e9s<\/strong> sont autoris\u00e9s sur la propri\u00e9t\u00e9. Aucun visiteur ou invit\u00e9 non enregistr\u00e9.<\/li>\n<li><strong>Aucune r\u00e9servation effectu\u00e9e par un tiers.<\/strong> La personne qui r\u00e9serve doit \u00eatre pr\u00e9sente pendant tout le s\u00e9jour.<\/li>\n<\/ul>\n<p><strong>\ud83d\udd07 Heures de tranquillit\u00e9<\/strong><\/p>\n<ul>\n<li>Les heures de tranquillit\u00e9 sont de <strong>22 h 00 \u00e0 8 h 00<\/strong>.<\/li>\n<li>La musique est permise durant la journ\u00e9e, tant qu\u2019elle ne d\u00e9range pas les voisins.<\/li>\n<\/ul>\n<p><strong>\ud83e\uddfe Conditions des invit\u00e9s<\/strong><\/p>\n<ul>\n<li><strong>\u00c2ge minimum pour r\u00e9server\u00a0:<\/strong> 25 ans.<\/li>\n<li>Les invit\u00e9s de moins de 21 ans doivent fournir une <strong>autorisation parentale \u00e9crite<\/strong> s\u2019ils ne sont pas accompagn\u00e9s d\u2019un parent ou tuteur. L\u2019autorisation doit \u00eatre envoy\u00e9e par courriel ou sous forme sign\u00e9e avant l\u2019arriv\u00e9e.<\/li>\n<li>Une <strong>v\u00e9rification d\u2019identit\u00e9<\/strong> peut \u00eatre exig\u00e9e pour les r\u00e9servations effectu\u00e9es moins de 30 jours avant l\u2019arriv\u00e9e.<\/li>\n<\/ul>\n<p><strong>\ud83d\udd54 Arriv\u00e9e et d\u00e9part<\/strong><\/p>\n<ul>\n<li>Veuillez respecter les heures d\u2019arriv\u00e9e et de d\u00e9part pr\u00e9vues. <strong>Un d\u00e9part tardif ou une arriv\u00e9e anticip\u00e9e peut entra\u00eener des frais (100 $ \u00e0 300 $).<\/strong><\/li>\n<li><strong>Aucun d\u00e9p\u00f4t de bagages<\/strong> n\u2019est autoris\u00e9 avant ou apr\u00e8s le s\u00e9jour.<\/li>\n<\/ul>\n<p><strong>\ud83e\uddfc Nettoyage et t\u00e2ches de d\u00e9part<\/strong><\/p>\n<p>Les frais de m\u00e9nage garantissent un haut niveau de propret\u00e9 pour tous les invit\u00e9s. Pour aider notre \u00e9quipe, veuillez effectuer ces quelques t\u00e2ches avant votre d\u00e9part\u00a0:<\/p>\n<ul>\n<li>Remplir et d\u00e9marrer le <strong>lave-vaisselle<\/strong>.<\/li>\n<li>Mettre tous les d\u00e9chets dans des sacs ferm\u00e9s et les d\u00e9poser dans la <strong>ruelle arri\u00e8re<\/strong>.<\/li>\n<li>Mettre <strong>seulement les serviettes blanches<\/strong> dans la laveuse et la d\u00e9marrer (d\u00e9tergent fourni).<\/li>\n<li><strong>NE PAS d\u00e9faire les lits<\/strong> \u2014 notre \u00e9quipe s\u2019en occupe.<\/li>\n<li>V\u00e9rifiez bien que vous n\u2019avez rien oubli\u00e9. <strong>Les objets laiss\u00e9s sur place seront exp\u00e9di\u00e9s \u00e0 vos frais + 50 $ + taxes de frais administratifs.<\/strong><\/li>\n<\/ul>\n<p><strong>\ud83d\ude97 Stationnement et s\u00e9curit\u00e9 des v\u00e9hicules<\/strong><\/p>\n<ul>\n<li><strong>Le stationnement sur place est r\u00e9serv\u00e9 aux invit\u00e9s avec besoins de mobilit\u00e9, enfants en bas \u00e2ge ou petites voitures ($).<\/strong><\/li>\n<li><strong>Obligatoire\u00a0:<\/strong> utilisez la barre antivol de volant et le sabot de roue fournis lorsque vous stationnez sur place. Les instructions sont dans le guide de bienvenue.<\/li>\n<li>Les invit\u00e9s avec VUS (notamment Toyota Highlander, Rav4 Hybrid, Honda CR-V, Lexus, Jeep, camionnettes) sont fortement encourag\u00e9s \u00e0 utiliser le stationnement int\u00e9rieur au <strong>400 rue de Malines<\/strong>.<\/li>\n<li><strong>FAB HomeRentals n\u2019est pas responsable des incidents ou vols li\u00e9s au stationnement.<\/strong><\/li>\n<\/ul>\n<p><strong>\ud83c\udfac Location de films<\/strong><\/p>\n<ul>\n<li><strong>Aucune location<\/strong> de films sans approbation et paiement pr\u00e9alable.<\/li>\n<\/ul>\n<p><strong>\ud83d\udcf7 Photographie et tournage<\/strong><\/p>\n<ul>\n<li><strong>Aucune activit\u00e9 de photographie ou tournage \u00e0 des fins commerciales<\/strong> n\u2019est permise sur la propri\u00e9t\u00e9.<\/li>\n<\/ul>\n<p>Merci de lire et de respecter ces r\u00e8gles. Votre coop\u00e9ration contribue \u00e0 un s\u00e9jour paisible et agr\u00e9able pour tous les invit\u00e9s et voisins.<\/p>\n<p><strong>Nous avons h\u00e2te de vous accueillir!<\/strong><br \/>\n\u2014 FAB HomeRentals<\/p>\n","protected":false},"excerpt":{"rendered":"<p>Bienvenue! Afin d\u2019assurer un s\u00e9jour s\u00e9curitaire, confortable et agr\u00e9able pour tous, veuillez lire et respecter les r\u00e8gles de la maison suivantes\u00a0: \ud83d\udead Fumer et substances Interdit de fumer, vapoter ou utiliser cigarettes \u00e9lectroniques \u00e0 l&rsquo;int\u00e9rieur. Les cigarettes et cigares peuvent \u00eatre utilis\u00e9s uniquement \u00e0 l\u2019ext\u00e9rieur. Veuillez jeter vos m\u00e9gots correctement pour \u00e9viter des p\u00e9nalit\u00e9s. L\u2019usage <a href=\"https:\/\/fabhomerentals.com\/fr\/regles-de-la-maison\/\" class=\"more-link\">&#8230;<span class=\"screen-reader-text\">  R\u00e8gles de la maison<\/span><\/a><\/p>\n","protected":false},"author":1,"featured_media":0,"parent":0,"menu_order":0,"comment_status":"closed","ping_status":"closed","template":"","meta":{"_acf_changed":false,"footnotes":""},"class_list":["post-843","page","type-page","status-publish","hentry"],"acf":[],"_links":{"self":[{"href":"https:\/\/fabhomerentals.com\/fr\/wp-json\/wp\/v2\/pages\/843","targetHints":{"allow":["GET"]}}],"collection":[{"href":"https:\/\/fabhomerentals.com\/fr\/wp-json\/wp\/v2\/pages"}],"about":[{"href":"https:\/\/fabhomerentals.com\/fr\/wp-json\/wp\/v2\/types\/page"}],"author":[{"embeddable":true,"href":"https:\/\/fabhomerentals.com\/fr\/wp-json\/wp\/v2\/users\/1"}],"replies":[{"embeddable":true,"href":"https:\/\/fabhomerentals.com\/fr\/wp-json\/wp\/v2\/comments?post=843"}],"version-history":[{"count":2,"href":"https:\/\/fabhomerentals.com\/fr\/wp-json\/wp\/v2\/pages\/843\/revisions"}],"predecessor-version":[{"id":845,"href":"https:\/\/fabhomerentals.com\/fr\/wp-json\/wp\/v2\/pages\/843\/revisions\/845"}],"wp:attachment":[{"href":"https:\/\/fabhomerentals.com\/fr\/wp-json\/wp\/v2\/media?parent=843"}],"curies":[{"name":"wp","href":"https:\/\/api.w.org\/{rel}","templated":true}]}}